{"id":940,"date":"2021-06-12T06:28:22","date_gmt":"2021-06-12T06:28:22","guid":{"rendered":"https:\/\/younishop-reparation.fr\/projects\/"},"modified":"2022-08-26T12:04:03","modified_gmt":"2022-08-26T10:04:03","slug":"actualites","status":"publish","type":"page","link":"https:\/\/younishop-reparation.fr\/?page_id=940","title":{"rendered":"Actualit\u00e9s"},"content":{"rendered":"\t\t<div data-elementor-type=\"wp-page\" data-elementor-id=\"940\" class=\"elementor elementor-940\">\n\t\t\t\t\t\t\t\t\t<section class=\"elementor-section elementor-top-section elementor-element elementor-element-4be2d45 elementor-section-boxed elementor-section-height-default elementor-section-height-default\" data-id=\"4be2d45\" data-element_type=\"section\" data-settings=\"{&quot;background_background&quot;:&quot;classic&quot;}\">\n\t\t\t\t\t\t\t<div class=\"elementor-background-overlay\"><\/div>\n\t\t\t\t\t\t\t<div class=\"elementor-container elementor-column-gap-no\">\n\t\t\t\t\t<div class=\"elementor-column elementor-col-100 elementor-top-column elementor-element elementor-element-a085dea\" data-id=\"a085dea\" data-element_type=\"column\">\n\t\t\t<div class=\"elementor-widget-wrap elementor-element-populated\">\n\t\t\t\t\t\t\t\t<div class=\"elementor-element elementor-element-cc435a4 elementor-widget elementor-widget-heading\" data-id=\"cc435a4\" data-element_type=\"widget\" data-widget_type=\"heading.default\">\n\t\t\t\t<div class=\"elementor-widget-container\">\n\t\t\t<style>\/*! elementor - v3.7.1 - 14-08-2022 *\/\n.elementor-heading-title{padding:0;margin:0;line-height:1}.elementor-widget-heading .elementor-heading-title[class*=elementor-size-]>a{color:inherit;font-size:inherit;line-height:inherit}.elementor-widget-heading .elementor-heading-title.elementor-size-small{font-size:15px}.elementor-widget-heading .elementor-heading-title.elementor-size-medium{font-size:19px}.elementor-widget-heading .elementor-heading-title.elementor-size-large{font-size:29px}.elementor-widget-heading .elementor-heading-title.elementor-size-xl{font-size:39px}.elementor-widget-heading .elementor-heading-title.elementor-size-xxl{font-size:59px}<\/style><h1 class=\"elementor-heading-title elementor-size-default\">Actualit\u00e9s<\/h1>\t\t<\/div>\n\t\t\t\t<\/div>\n\t\t\t\t\t<\/div>\n\t\t<\/div>\n\t\t\t\t\t\t\t<\/div>\n\t\t<\/section>\n\t\t\t\t<section class=\"elementor-section elementor-top-section elementor-element elementor-element-69c93b8 elementor-section-boxed elementor-section-height-default elementor-section-height-default\" data-id=\"69c93b8\" data-element_type=\"section\" data-settings=\"{&quot;background_background&quot;:&quot;classic&quot;}\">\n\t\t\t\t\t\t\t<div class=\"elementor-background-overlay\"><\/div>\n\t\t\t\t\t\t\t<div class=\"elementor-container elementor-column-gap-no\">\n\t\t\t\t\t<div class=\"elementor-column elementor-col-100 elementor-top-column elementor-element elementor-element-e997743\" data-id=\"e997743\" data-element_type=\"column\">\n\t\t\t<div class=\"elementor-widget-wrap elementor-element-populated\">\n\t\t\t\t\t\t\t\t<div class=\"elementor-element elementor-element-5e3dd3b elementor-widget elementor-widget-heading\" data-id=\"5e3dd3b\" data-element_type=\"widget\" data-widget_type=\"heading.default\">\n\t\t\t\t<div class=\"elementor-widget-container\">\n\t\t\t<h6 class=\"elementor-heading-title elementor-size-default\">Nos actualit\u00e9s<\/h6>\t\t<\/div>\n\t\t\t\t<\/div>\n\t\t\t\t<div class=\"elementor-element elementor-element-2310392 elementor-widget elementor-widget-heading\" data-id=\"2310392\" data-element_type=\"widget\" data-widget_type=\"heading.default\">\n\t\t\t\t<div class=\"elementor-widget-container\">\n\t\t\t<h2 class=\"elementor-heading-title elementor-size-default\">Les actualit\u00e9s des r\u00e9parateurs de t\u00e9l\u00e9phone<\/h2>\t\t<\/div>\n\t\t\t\t<\/div>\n\t\t\t\t<div class=\"elementor-element elementor-element-27c608b elementor-widget__width-initial elementor-widget-tablet__width-initial elementor-widget-mobile__width-inherit elementor-position-top elementor-vertical-align-top elementor-widget elementor-widget-image-box\" data-id=\"27c608b\" data-element_type=\"widget\" data-widget_type=\"image-box.default\">\n\t\t\t\t<div class=\"elementor-widget-container\">\n\t\t\t<style>\/*! elementor - v3.7.1 - 14-08-2022 *\/\n.elementor-widget-image-box .elementor-image-box-content{width:100%}@media (min-width:768px){.elementor-widget-image-box.elementor-position-left .elementor-image-box-wrapper,.elementor-widget-image-box.elementor-position-right .elementor-image-box-wrapper{display:-webkit-box;display:-ms-flexbox;display:flex}.elementor-widget-image-box.elementor-position-right .elementor-image-box-wrapper{text-align:right;-webkit-box-orient:horizontal;-webkit-box-direction:reverse;-ms-flex-direction:row-reverse;flex-direction:row-reverse}.elementor-widget-image-box.elementor-position-left .elementor-image-box-wrapper{text-align:left;-webkit-box-orient:horizontal;-webkit-box-direction:normal;-ms-flex-direction:row;flex-direction:row}.elementor-widget-image-box.elementor-position-top .elementor-image-box-img{margin:auto}.elementor-widget-image-box.elementor-vertical-align-top .elementor-image-box-wrapper{-webkit-box-align:start;-ms-flex-align:start;align-items:flex-start}.elementor-widget-image-box.elementor-vertical-align-middle .elementor-image-box-wrapper{-webkit-box-align:center;-ms-flex-align:center;align-items:center}.elementor-widget-image-box.elementor-vertical-align-bottom .elementor-image-box-wrapper{-webkit-box-align:end;-ms-flex-align:end;align-items:flex-end}}@media (max-width:767px){.elementor-widget-image-box .elementor-image-box-img{margin-left:auto!important;margin-right:auto!important;margin-bottom:15px}}.elementor-widget-image-box .elementor-image-box-img{display:inline-block}.elementor-widget-image-box .elementor-image-box-title a{color:inherit}.elementor-widget-image-box .elementor-image-box-wrapper{text-align:center}.elementor-widget-image-box .elementor-image-box-description{margin:0}<\/style><div class=\"elementor-image-box-wrapper\"><figure class=\"elementor-image-box-img\"><a href=\"#\"><img loading=\"lazy\" decoding=\"async\" width=\"900\" height=\"1120\" src=\"https:\/\/younishop-reparation.fr\/wp-content\/uploads\/2022\/08\/kisspng-smartphone-samsung-galaxy-computer-clip-art-mobile-repair-5aec60ec0bde80.8640999815254407480486.jpg\" class=\"attachment-full size-full\" alt=\"\" \/><\/a><\/figure><div class=\"elementor-image-box-content\"><h5 class=\"elementor-image-box-title\"><a href=\"#\">Mon t\u00e9l\u00e9phone est tomb\u00e9 \u00e0 l\u2019eau, que faire?<\/a><\/h5><p class=\"elementor-image-box-description\">Lire la suite<\/p><\/div><\/div>\t\t<\/div>\n\t\t\t\t<\/div>\n\t\t\t\t<div class=\"elementor-element elementor-element-ce56cca elementor-widget__width-initial elementor-widget-tablet__width-initial elementor-widget-mobile__width-inherit elementor-position-top elementor-vertical-align-top elementor-widget elementor-widget-image-box\" data-id=\"ce56cca\" data-element_type=\"widget\" data-widget_type=\"image-box.default\">\n\t\t\t\t<div class=\"elementor-widget-container\">\n\t\t\t<div class=\"elementor-image-box-wrapper\"><figure class=\"elementor-image-box-img\"><a href=\"#\"><img loading=\"lazy\" decoding=\"async\" width=\"900\" height=\"1120\" src=\"https:\/\/younishop-reparation.fr\/wp-content\/uploads\/2022\/08\/kisspng-smartphone-samsung-galaxy-computer-clip-art-mobile-repair-5aec60ec0bde80.8640999815254407480486.jpg\" class=\"attachment-full size-full\" alt=\"\" \/><\/a><\/figure><div class=\"elementor-image-box-content\"><h5 class=\"elementor-image-box-title\"><a href=\"#\">Mon t\u00e9l\u00e9phone est tomb\u00e9 \u00e0 l\u2019eau, que faire?<\/a><\/h5><p class=\"elementor-image-box-description\">Lire la suite<\/p><\/div><\/div>\t\t<\/div>\n\t\t\t\t<\/div>\n\t\t\t\t<div class=\"elementor-element elementor-element-2b18b8b elementor-widget__width-initial elementor-widget-tablet__width-initial elementor-widget-mobile__width-inherit elementor-position-top elementor-vertical-align-top elementor-widget elementor-widget-image-box\" data-id=\"2b18b8b\" data-element_type=\"widget\" data-widget_type=\"image-box.default\">\n\t\t\t\t<div class=\"elementor-widget-container\">\n\t\t\t<div class=\"elementor-image-box-wrapper\"><figure class=\"elementor-image-box-img\"><a href=\"#\"><img loading=\"lazy\" decoding=\"async\" width=\"900\" height=\"1120\" src=\"https:\/\/younishop-reparation.fr\/wp-content\/uploads\/2022\/08\/kisspng-smartphone-samsung-galaxy-computer-clip-art-mobile-repair-5aec60ec0bde80.8640999815254407480486.jpg\" class=\"attachment-full size-full\" alt=\"\" \/><\/a><\/figure><div class=\"elementor-image-box-content\"><h5 class=\"elementor-image-box-title\"><a href=\"#\">Mon t\u00e9l\u00e9phone est tomb\u00e9 \u00e0 l\u2019eau, que faire?<\/a><\/h5><p class=\"elementor-image-box-description\">Lire la suite<\/p><\/div><\/div>\t\t<\/div>\n\t\t\t\t<\/div>\n\t\t\t\t\t<\/div>\n\t\t<\/div>\n\t\t\t\t\t\t\t<\/div>\n\t\t<\/section>\n\t\t\t\t\t\t\t<\/div>\n\t\t","protected":false},"excerpt":{"rendered":"<p>Actualit\u00e9s Nos actualit\u00e9s Les actualit\u00e9s des r\u00e9parateurs de t\u00e9l\u00e9phone Mon t\u00e9l\u00e9phone est tomb\u00e9 \u00e0 l\u2019eau, que faire? Lire la suite Mon t\u00e9l\u00e9phone est tomb\u00e9 \u00e0 l\u2019eau, que faire? Lire la suite Mon t\u00e9l\u00e9phone est tomb\u00e9 \u00e0 l\u2019eau, que faire? Lire la suite<\/p>\n","protected":false},"author":1,"featured_media":0,"parent":0,"menu_order":0,"comment_status":"closed","ping_status":"closed","template":"","meta":{"site-sidebar-layout":"no-sidebar","site-content-layout":"page-builder","ast-global-header-display":"","ast-main-header-display":"","ast-hfb-above-header-display":"","ast-hfb-below-header-display":"","ast-hfb-mobile-header-display":"","site-post-title":"disabled","ast-breadcrumbs-content":"disabled","ast-featured-img":"disabled","footer-sml-layout":"","theme-transparent-header-meta":"enabled","adv-header-id-meta":"","stick-header-meta":"","header-above-stick-meta":"","header-main-stick-meta":"","header-below-stick-meta":"","footnotes":""},"class_list":["post-940","page","type-page","status-publish","hentry"],"yoast_head":"<!-- This site is optimized with the Yoast SEO plugin v19.13 - https:\/\/yoast.com\/wordpress\/plugins\/seo\/ -->\n<title>Actualit\u00e9s de r\u00e9paration Ipad \u00e0 Paris<\/title>\n<meta name=\"description\" content=\"Retrouvez les Actualit\u00e9s de r\u00e9paration Ipad \u00e0 Paris pour rester inform\u00e9 des nouveaut\u00e9s. Changements d&#039;offres, nouvelles promos\" \/>\n<meta name=\"robots\" content=\"index, follow, max-snippet:-1, max-image-preview:large, max-video-preview:-1\" \/>\n<link rel=\"canonical\" href=\"https:\/\/younishop-reparation.fr\/?page_id=940\" \/>\n<meta property=\"og:locale\" content=\"fr_FR\" \/>\n<meta property=\"og:type\" content=\"article\" \/>\n<meta property=\"og:title\" content=\"Actualit\u00e9s de r\u00e9paration Ipad \u00e0 Paris\" \/>\n<meta property=\"og:description\" content=\"Retrouvez les Actualit\u00e9s de r\u00e9paration Ipad \u00e0 Paris pour rester inform\u00e9 des nouveaut\u00e9s. Changements d&#039;offres, nouvelles promos\" \/>\n<meta property=\"og:url\" content=\"https:\/\/younishop-reparation.fr\/?page_id=940\" \/>\n<meta property=\"og:site_name\" content=\"younishop\" \/>\n<meta property=\"article:modified_time\" content=\"2022-08-26T10:04:03+00:00\" \/>\n<meta property=\"og:image\" content=\"https:\/\/younishop-reparation.fr\/wp-content\/uploads\/2022\/08\/kisspng-smartphone-samsung-galaxy-computer-clip-art-mobile-repair-5aec60ec0bde80.8640999815254407480486.jpg\" \/>\n<meta name=\"twitter:card\" content=\"summary_large_image\" \/>\n<meta name=\"twitter:label1\" content=\"Dur\u00e9e de lecture estim\u00e9e\" \/>\n\t<meta name=\"twitter:data1\" content=\"1 minute\" \/>\n<script type=\"application\/ld+json\" class=\"yoast-schema-graph\">{\"@context\":\"https:\/\/schema.org\",\"@graph\":[{\"@type\":\"WebPage\",\"@id\":\"https:\/\/younishop-reparation.fr\/?page_id=940\",\"url\":\"https:\/\/younishop-reparation.fr\/?page_id=940\",\"name\":\"Actualit\u00e9s de r\u00e9paration Ipad \u00e0 Paris\",\"isPartOf\":{\"@id\":\"https:\/\/younishop-reparation.fr\/#website\"},\"datePublished\":\"2021-06-12T06:28:22+00:00\",\"dateModified\":\"2022-08-26T10:04:03+00:00\",\"description\":\"Retrouvez les Actualit\u00e9s de r\u00e9paration Ipad \u00e0 Paris pour rester inform\u00e9 des nouveaut\u00e9s. Changements d'offres, nouvelles promos\",\"breadcrumb\":{\"@id\":\"https:\/\/younishop-reparation.fr\/?page_id=940#breadcrumb\"},\"inLanguage\":\"fr-FR\",\"potentialAction\":[{\"@type\":\"ReadAction\",\"target\":[\"https:\/\/younishop-reparation.fr\/?page_id=940\"]}]},{\"@type\":\"BreadcrumbList\",\"@id\":\"https:\/\/younishop-reparation.fr\/?page_id=940#breadcrumb\",\"itemListElement\":[{\"@type\":\"ListItem\",\"position\":1,\"name\":\"Accueil\",\"item\":\"https:\/\/younishop-reparation.fr\/\"},{\"@type\":\"ListItem\",\"position\":2,\"name\":\"Actualit\u00e9s\"}]},{\"@type\":\"WebSite\",\"@id\":\"https:\/\/younishop-reparation.fr\/#website\",\"url\":\"https:\/\/younishop-reparation.fr\/\",\"name\":\"younishop\",\"description\":\"Les experts en r\u00e9paration de t\u00e9l\u00e9phones et tablettes\",\"publisher\":{\"@id\":\"https:\/\/younishop-reparation.fr\/#organization\"},\"potentialAction\":[{\"@type\":\"SearchAction\",\"target\":{\"@type\":\"EntryPoint\",\"urlTemplate\":\"https:\/\/younishop-reparation.fr\/?s={search_term_string}\"},\"query-input\":\"required name=search_term_string\"}],\"inLanguage\":\"fr-FR\"},{\"@type\":\"Organization\",\"@id\":\"https:\/\/younishop-reparation.fr\/#organization\",\"name\":\"younishop\",\"url\":\"https:\/\/younishop-reparation.fr\/\",\"logo\":{\"@type\":\"ImageObject\",\"inLanguage\":\"fr-FR\",\"@id\":\"https:\/\/younishop-reparation.fr\/#\/schema\/logo\/image\/\",\"url\":\"https:\/\/younishop-reparation.fr\/wp-content\/uploads\/2022\/08\/Logo-.png\",\"contentUrl\":\"https:\/\/younishop-reparation.fr\/wp-content\/uploads\/2022\/08\/Logo-.png\",\"width\":1296,\"height\":1284,\"caption\":\"younishop\"},\"image\":{\"@id\":\"https:\/\/younishop-reparation.fr\/#\/schema\/logo\/image\/\"}}]}<\/script>\n<!-- \/ Yoast SEO plugin. -->","yoast_head_json":{"title":"Actualit\u00e9s de r\u00e9paration Ipad \u00e0 Paris","description":"Retrouvez les Actualit\u00e9s de r\u00e9paration Ipad \u00e0 Paris pour rester inform\u00e9 des nouveaut\u00e9s. Changements d'offres, nouvelles promos","robots":{"index":"index","follow":"follow","max-snippet":"max-snippet:-1","max-image-preview":"max-image-preview:large","max-video-preview":"max-video-preview:-1"},"canonical":"https:\/\/younishop-reparation.fr\/?page_id=940","og_locale":"fr_FR","og_type":"article","og_title":"Actualit\u00e9s de r\u00e9paration Ipad \u00e0 Paris","og_description":"Retrouvez les Actualit\u00e9s de r\u00e9paration Ipad \u00e0 Paris pour rester inform\u00e9 des nouveaut\u00e9s. Changements d'offres, nouvelles promos","og_url":"https:\/\/younishop-reparation.fr\/?page_id=940","og_site_name":"younishop","article_modified_time":"2022-08-26T10:04:03+00:00","og_image":[{"url":"https:\/\/younishop-reparation.fr\/wp-content\/uploads\/2022\/08\/kisspng-smartphone-samsung-galaxy-computer-clip-art-mobile-repair-5aec60ec0bde80.8640999815254407480486.jpg"}],"twitter_card":"summary_large_image","twitter_misc":{"Dur\u00e9e de lecture estim\u00e9e":"1 minute"},"schema":{"@context":"https:\/\/schema.org","@graph":[{"@type":"WebPage","@id":"https:\/\/younishop-reparation.fr\/?page_id=940","url":"https:\/\/younishop-reparation.fr\/?page_id=940","name":"Actualit\u00e9s de r\u00e9paration Ipad \u00e0 Paris","isPartOf":{"@id":"https:\/\/younishop-reparation.fr\/#website"},"datePublished":"2021-06-12T06:28:22+00:00","dateModified":"2022-08-26T10:04:03+00:00","description":"Retrouvez les Actualit\u00e9s de r\u00e9paration Ipad \u00e0 Paris pour rester inform\u00e9 des nouveaut\u00e9s. Changements d'offres, nouvelles promos","breadcrumb":{"@id":"https:\/\/younishop-reparation.fr\/?page_id=940#breadcrumb"},"inLanguage":"fr-FR","potentialAction":[{"@type":"ReadAction","target":["https:\/\/younishop-reparation.fr\/?page_id=940"]}]},{"@type":"BreadcrumbList","@id":"https:\/\/younishop-reparation.fr\/?page_id=940#breadcrumb","itemListElement":[{"@type":"ListItem","position":1,"name":"Accueil","item":"https:\/\/younishop-reparation.fr\/"},{"@type":"ListItem","position":2,"name":"Actualit\u00e9s"}]},{"@type":"WebSite","@id":"https:\/\/younishop-reparation.fr\/#website","url":"https:\/\/younishop-reparation.fr\/","name":"younishop","description":"Les experts en r\u00e9paration de t\u00e9l\u00e9phones et tablettes","publisher":{"@id":"https:\/\/younishop-reparation.fr\/#organization"},"potentialAction":[{"@type":"SearchAction","target":{"@type":"EntryPoint","urlTemplate":"https:\/\/younishop-reparation.fr\/?s={search_term_string}"},"query-input":"required name=search_term_string"}],"inLanguage":"fr-FR"},{"@type":"Organization","@id":"https:\/\/younishop-reparation.fr\/#organization","name":"younishop","url":"https:\/\/younishop-reparation.fr\/","logo":{"@type":"ImageObject","inLanguage":"fr-FR","@id":"https:\/\/younishop-reparation.fr\/#\/schema\/logo\/image\/","url":"https:\/\/younishop-reparation.fr\/wp-content\/uploads\/2022\/08\/Logo-.png","contentUrl":"https:\/\/younishop-reparation.fr\/wp-content\/uploads\/2022\/08\/Logo-.png","width":1296,"height":1284,"caption":"younishop"},"image":{"@id":"https:\/\/younishop-reparation.fr\/#\/schema\/logo\/image\/"}}]}},"_links":{"self":[{"href":"https:\/\/younishop-reparation.fr\/index.php?rest_route=\/wp\/v2\/pages\/940","targetHints":{"allow":["GET"]}}],"collection":[{"href":"https:\/\/younishop-reparation.fr\/index.php?rest_route=\/wp\/v2\/pages"}],"about":[{"href":"https:\/\/younishop-reparation.fr\/index.php?rest_route=\/wp\/v2\/types\/page"}],"author":[{"embeddable":true,"href":"https:\/\/younishop-reparation.fr\/index.php?rest_route=\/wp\/v2\/users\/1"}],"replies":[{"embeddable":true,"href":"https:\/\/younishop-reparation.fr\/index.php?rest_route=%2Fwp%2Fv2%2Fcomments&post=940"}],"version-history":[{"count":13,"href":"https:\/\/younishop-reparation.fr\/index.php?rest_route=\/wp\/v2\/pages\/940\/revisions"}],"predecessor-version":[{"id":1464,"href":"https:\/\/younishop-reparation.fr\/index.php?rest_route=\/wp\/v2\/pages\/940\/revisions\/1464"}],"wp:attachment":[{"href":"https:\/\/younishop-reparation.fr\/index.php?rest_route=%2Fwp%2Fv2%2Fmedia&parent=940"}],"curies":[{"name":"wp","href":"https:\/\/api.w.org\/{rel}","templated":true}]}}